{"id":42,"date":"2022-03-11T14:31:31","date_gmt":"2022-03-11T14:31:31","guid":{"rendered":"https:\/\/www.irmelinsandmanlilius.fi\/?page_id=42"},"modified":"2023-01-12T13:53:56","modified_gmt":"2023-01-12T13:53:56","slug":"om-irmelin","status":"publish","type":"page","link":"https:\/\/www.irmelinsandmanlilius.fi\/index.php\/om-irmelin\/","title":{"rendered":"Om Irmelin"},"content":{"rendered":"\t\t<div data-elementor-type=\"wp-page\" data-elementor-id=\"42\" class=\"elementor elementor-42\">\n\t\t\t\t\t\t\t\t\t<section class=\"elementor-section elementor-top-section elementor-element elementor-element-3c0018d elementor-section-boxed elementor-section-height-default elementor-section-height-default\" data-id=\"3c0018d\" data-element_type=\"section\">\n\t\t\t\t\t\t<div class=\"elementor-container elementor-column-gap-default\">\n\t\t\t\t\t<div class=\"elementor-column elementor-col-100 elementor-top-column elementor-element elementor-element-1d593fb\" data-id=\"1d593fb\" data-element_type=\"column\">\n\t\t\t<div class=\"elementor-widget-wrap elementor-element-populated\">\n\t\t\t\t\t\t\t\t<section class=\"elementor-section elementor-inner-section elementor-element elementor-element-3ca5405 elementor-section-boxed elementor-section-height-default elementor-section-height-default\" data-id=\"3ca5405\" data-element_type=\"section\">\n\t\t\t\t\t\t<div class=\"elementor-container elementor-column-gap-default\">\n\t\t\t\t\t<div class=\"elementor-column elementor-col-50 elementor-inner-column elementor-element elementor-element-5355637\" data-id=\"5355637\" data-element_type=\"column\">\n\t\t\t<div class=\"elementor-widget-wrap elementor-element-populated\">\n\t\t\t\t\t\t\t\t<div class=\"elementor-element elementor-element-1e1d75a elementor-widget elementor-widget-image\" data-id=\"1e1d75a\" data-element_type=\"widget\" data-widget_type=\"image.default\">\n\t\t\t\t<div class=\"elementor-widget-container\">\n\t\t\t\t\t\t\t\t\t\t\t\t\t\t\t<img fetchpriority=\"high\" decoding=\"async\" width=\"505\" height=\"489\" src=\"https:\/\/www.irmelinsandmanlilius.fi\/wp-content\/uploads\/2019\/10\/ISL-portr\u00e4tt-foto-Guessod-Gurieh.jpg\" class=\"attachment-large size-large wp-image-32\" alt=\"\" srcset=\"https:\/\/www.irmelinsandmanlilius.fi\/wp-content\/uploads\/2019\/10\/ISL-portr\u00e4tt-foto-Guessod-Gurieh.jpg 505w, https:\/\/www.irmelinsandmanlilius.fi\/wp-content\/uploads\/2019\/10\/ISL-portr\u00e4tt-foto-Guessod-Gurieh-300x290.jpg 300w\" sizes=\"(max-width: 505px) 100vw, 505px\" \/>\t\t\t\t\t\t\t\t\t\t\t\t\t\t\t<\/div>\n\t\t\t\t<\/div>\n\t\t\t\t\t<\/div>\n\t\t<\/div>\n\t\t\t\t<div class=\"elementor-column elementor-col-50 elementor-inner-column elementor-element elementor-element-b53531d\" data-id=\"b53531d\" data-element_type=\"column\">\n\t\t\t<div class=\"elementor-widget-wrap elementor-element-populated\">\n\t\t\t\t\t\t\t\t<div class=\"elementor-element elementor-element-a8ee97f elementor-widget elementor-widget-heading\" data-id=\"a8ee97f\" data-element_type=\"widget\" data-widget_type=\"heading.default\">\n\t\t\t\t<div class=\"elementor-widget-container\">\n\t\t\t<h1 class=\"elementor-heading-title elementor-size-default\">Irmelin<br>Sandman<br>Lilius<\/h1>\t\t<\/div>\n\t\t\t\t<\/div>\n\t\t\t\t<div class=\"elementor-element elementor-element-3f5d521 elementor-widget elementor-widget-text-editor\" data-id=\"3f5d521\" data-element_type=\"widget\" data-widget_type=\"text-editor.default\">\n\t\t\t\t<div class=\"elementor-widget-container\">\n\t\t\t\t\t\t\t<p><strong>Irmelin Sandman Lilius<\/strong> h\u00f6r till de riktigt stora f\u00f6rfattarna i Norden, m\u00e5ngfaldigt prisbel\u00f6nt och \u00f6versatt, och l\u00e4st av flera generationer. Hon har skrivit b\u00f6cker i m\u00e5nga olika genrer \u2013 allt fr\u00e5n bilderb\u00f6cker till dikter, sagor, romaner, noveller, biografier och reseskildringar \u2013 f\u00f6r b\u00e5de barn och vuxna.<\/p>\t\t\t\t\t\t<\/div>\n\t\t\t\t<\/div>\n\t\t\t\t\t<\/div>\n\t\t<\/div>\n\t\t\t\t\t\t\t<\/div>\n\t\t<\/section>\n\t\t\t\t\t<\/div>\n\t\t<\/div>\n\t\t\t\t\t\t\t<\/div>\n\t\t<\/section>\n\t\t\t\t<section class=\"elementor-section elementor-top-section elementor-element elementor-element-2286d47 elementor-section-boxed elementor-section-height-default elementor-section-height-default\" data-id=\"2286d47\" data-element_type=\"section\">\n\t\t\t\t\t\t<div class=\"elementor-container elementor-column-gap-default\">\n\t\t\t\t\t<div class=\"elementor-column elementor-col-100 elementor-top-column elementor-element elementor-element-afe1f71\" data-id=\"afe1f71\" data-element_type=\"column\">\n\t\t\t<div class=\"elementor-widget-wrap elementor-element-populated\">\n\t\t\t\t\t\t\t\t<div class=\"elementor-element elementor-element-ec9d431 elementor-widget elementor-widget-text-editor\" data-id=\"ec9d431\" data-element_type=\"widget\" data-widget_type=\"text-editor.default\">\n\t\t\t\t<div class=\"elementor-widget-container\">\n\t\t\t\t\t\t\t<p>Hon har alltid v\u00e4grat att l\u00e5ta sig inordnas i n\u00e5got enskilt fack. Ofta har hon presenterats som barnboksf\u00f6rfattare, men i sj\u00e4lva verket v\u00e4nder hon sig inte specifikt till vissa \u00e5ldersgrupper, utan snarare \u00e4r det s\u00e5 att vissa sorters l\u00e4sare f\u00f6r\u00e4lskar sig i hennes sorts texter. Vilka de \u00e4r kan man inte veta innan de sj\u00e4lva uppt\u00e4ckt det.<\/p><p><br><\/p>\t\t\t\t\t\t<\/div>\n\t\t\t\t<\/div>\n\t\t\t\t\t<\/div>\n\t\t<\/div>\n\t\t\t\t\t\t\t<\/div>\n\t\t<\/section>\n\t\t\t\t<section class=\"elementor-section elementor-top-section elementor-element elementor-element-8f2ab04 elementor-section-boxed elementor-section-height-default elementor-section-height-default\" data-id=\"8f2ab04\" data-element_type=\"section\">\n\t\t\t\t\t\t<div class=\"elementor-container elementor-column-gap-default\">\n\t\t\t\t\t<div class=\"elementor-column elementor-col-100 elementor-top-column elementor-element elementor-element-13cda90\" data-id=\"13cda90\" data-element_type=\"column\">\n\t\t\t<div class=\"elementor-widget-wrap elementor-element-populated\">\n\t\t\t\t\t\t\t\t<div class=\"elementor-element elementor-element-455ed81 elementor-widget elementor-widget-heading\" data-id=\"455ed81\" data-element_type=\"widget\" data-widget_type=\"heading.default\">\n\t\t\t\t<div class=\"elementor-widget-container\">\n\t\t\t<h2 class=\"elementor-heading-title elementor-size-default\">Priser och underst\u00f6d<\/h2>\t\t<\/div>\n\t\t\t\t<\/div>\n\t\t\t\t\t<\/div>\n\t\t<\/div>\n\t\t\t\t\t\t\t<\/div>\n\t\t<\/section>\n\t\t\t\t<section class=\"elementor-section elementor-top-section elementor-element elementor-element-0abb9e2 elementor-section-boxed elementor-section-height-default elementor-section-height-default\" data-id=\"0abb9e2\" data-element_type=\"section\">\n\t\t\t\t\t\t<div class=\"elementor-container elementor-column-gap-default\">\n\t\t\t\t\t<div class=\"elementor-column elementor-col-100 elementor-top-column elementor-element elementor-element-22847ed\" data-id=\"22847ed\" data-element_type=\"column\">\n\t\t\t<div class=\"elementor-widget-wrap elementor-element-populated\">\n\t\t\t\t\t\t\t\t<div class=\"elementor-element elementor-element-5f1b398 elementor-widget elementor-widget-text-editor\" data-id=\"5f1b398\" data-element_type=\"widget\" data-widget_type=\"text-editor.default\">\n\t\t\t\t<div class=\"elementor-widget-container\">\n\t\t\t\t\t\t\t<p>Statens litteraturpris 1965, -87<br>Svenska litteraturs\u00e4llskapets pris 1968, -76, -88, -90<br>Litteraturfr\u00e4mjandets barnbokspris 1969<br>Sveriges F\u00f6rfattarfonds premium 1969, -83<br>Statens barnbokspris 1970<br>De Nios Mindre pris 1971<br>Nils Holgerson-plaketten 1972<br>IBBY:s hedersdiplom 1974, 2002<br>Astrid Lindgrenpriset 1976<br>Svenska Kulturfondens pris 1978<br>Topeliuspriset 1980<br>Statens barnkulturpris 1985<br>Bonniers stora barnbokspris 1986<br>Statens litteraturpris 1987<br>Svenska Akademins pris 1987<br>Hang\u00f6 stads kulturpris 1989, 2018<br>Stipendiefonden A. Bonniers 100-\u00e5rs minne 1995<br>Nygrenska stiftelsen 1995<br>Tove Jansson-priset 2003<br>Tollanderska priset 2005<br><span style=\"color: var( --e-global-color-text ); font-family: var( --e-global-typography-text-font-family ), Sans-serif; font-weight: var( --e-global-typography-text-font-weight );\">Stiftelsen L\u00e4ngmanska kulturfondens f\u00f6rfattarpris 2007<br>Nylands svenska kulturfonds pris 2017<br><\/span><span style=\"color: var( --e-global-color-text ); font-family: var( --e-global-typography-text-font-family ), Sans-serif; font-weight: var( --e-global-typography-text-font-weight );\">Svenska Akademiens pris till framst\u00e5ende f\u00f6rfattare av ungdoms- och barnlitteratur 2022<\/span><\/p>\t\t\t\t\t\t<\/div>\n\t\t\t\t<\/div>\n\t\t\t\t<div class=\"elementor-element elementor-element-434b98d elementor-widget elementor-widget-heading\" data-id=\"434b98d\" data-element_type=\"widget\" data-widget_type=\"heading.default\">\n\t\t\t\t<div class=\"elementor-widget-container\">\n\t\t\t<h2 class=\"elementor-heading-title elementor-size-default\">Nominerad till ALMA-priset<\/h2>\t\t<\/div>\n\t\t\t\t<\/div>\n\t\t\t\t<div class=\"elementor-element elementor-element-c5e249c elementor-widget elementor-widget-text-editor\" data-id=\"c5e249c\" data-element_type=\"widget\" data-widget_type=\"text-editor.default\">\n\t\t\t\t<div class=\"elementor-widget-container\">\n\t\t\t\t\t\t\t<p>Ut\u00f6ver de pris och utm\u00e4rkelser som Irmelin Sandman Lilius tilldelats, h\u00f6r hon \u00e4ven till den utvalda skara av v\u00e4rldens b\u00e4sta akt\u00f6rer inom barn- och ungdomslitteraturen, de som nominerats till ALMA-priset \u2013 Astrid Lindgren Memorial Award. Priset instiftades \u00e5r 2002 av Sveriges regering, till minne av Sveriges stora f\u00f6rfattare Astrid Lindgren (1907-2002). Priset tilldelas en f\u00f6rfattare, illustrat\u00f6r, muntlig ber\u00e4ttare eller en l\u00e4sfr\u00e4mjande organisation, och de nominerade kommer fr\u00e5n hela v\u00e4rlden.<br \/>Varje h\u00f6st offentligg\u00f6rs namnet p\u00e5 de nominerade, och f\u00f6ljande v\u00e5r utses vinnaren. Irmelin har nominerats ett flertal g\u00e5nger sedan priset grundades.<\/p>\t\t\t\t\t\t<\/div>\n\t\t\t\t<\/div>\n\t\t\t\t<div class=\"elementor-element elementor-element-d07a9b9 elementor-widget elementor-widget-image\" data-id=\"d07a9b9\" data-element_type=\"widget\" data-widget_type=\"image.default\">\n\t\t\t\t<div class=\"elementor-widget-container\">\n\t\t\t\t\t\t\t\t\t\t\t\t\t\t\t<img decoding=\"async\" width=\"640\" height=\"426\" src=\"https:\/\/www.irmelinsandmanlilius.fi\/wp-content\/uploads\/2022\/03\/Adobe_20211130_184657-1024x681.jpg\" class=\"attachment-large size-large wp-image-228\" alt=\"\" srcset=\"https:\/\/www.irmelinsandmanlilius.fi\/wp-content\/uploads\/2022\/03\/Adobe_20211130_184657-1024x681.jpg 1024w, https:\/\/www.irmelinsandmanlilius.fi\/wp-content\/uploads\/2022\/03\/Adobe_20211130_184657-300x200.jpg 300w, https:\/\/www.irmelinsandmanlilius.fi\/wp-content\/uploads\/2022\/03\/Adobe_20211130_184657-768x511.jpg 768w, https:\/\/www.irmelinsandmanlilius.fi\/wp-content\/uploads\/2022\/03\/Adobe_20211130_184657-1536x1022.jpg 1536w, https:\/\/www.irmelinsandmanlilius.fi\/wp-content\/uploads\/2022\/03\/Adobe_20211130_184657-2048x1362.jpg 2048w\" sizes=\"(max-width: 640px) 100vw, 640px\" \/>\t\t\t\t\t\t\t\t\t\t\t\t\t\t\t<\/div>\n\t\t\t\t<\/div>\n\t\t\t\t\t<\/div>\n\t\t<\/div>\n\t\t\t\t\t\t\t<\/div>\n\t\t<\/section>\n\t\t\t\t\t\t\t<\/div>\n\t\t","protected":false},"excerpt":{"rendered":"<p>IrmelinSandmanLilius Irmelin Sandman Lilius h\u00f6r till de riktigt stora f\u00f6rfattarna i Norden, m\u00e5ngfaldigt prisbel\u00f6nt och \u00f6versatt, och l\u00e4st av flera generationer. Hon har skrivit b\u00f6cker i m\u00e5nga olika genrer \u2013 allt fr\u00e5n bilderb\u00f6cker till dikter, sagor, romaner, noveller, biografier och reseskildringar \u2013 f\u00f6r b\u00e5de barn [&hellip;]<\/p>\n","protected":false},"author":1,"featured_media":0,"parent":0,"menu_order":0,"comment_status":"closed","ping_status":"closed","template":"","meta":{"footnotes":""},"_links":{"self":[{"href":"https:\/\/www.irmelinsandmanlilius.fi\/index.php\/wp-json\/wp\/v2\/pages\/42"}],"collection":[{"href":"https:\/\/www.irmelinsandmanlilius.fi\/index.php\/wp-json\/wp\/v2\/pages"}],"about":[{"href":"https:\/\/www.irmelinsandmanlilius.fi\/index.php\/wp-json\/wp\/v2\/types\/page"}],"author":[{"embeddable":true,"href":"https:\/\/www.irmelinsandmanlilius.fi\/index.php\/wp-json\/wp\/v2\/users\/1"}],"replies":[{"embeddable":true,"href":"https:\/\/www.irmelinsandmanlilius.fi\/index.php\/wp-json\/wp\/v2\/comments?post=42"}],"version-history":[{"count":25,"href":"https:\/\/www.irmelinsandmanlilius.fi\/index.php\/wp-json\/wp\/v2\/pages\/42\/revisions"}],"predecessor-version":[{"id":312,"href":"https:\/\/www.irmelinsandmanlilius.fi\/index.php\/wp-json\/wp\/v2\/pages\/42\/revisions\/312"}],"wp:attachment":[{"href":"https:\/\/www.irmelinsandmanlilius.fi\/index.php\/wp-json\/wp\/v2\/media?parent=42"}],"curies":[{"name":"wp","href":"https:\/\/api.w.org\/{rel}","templated":true}]}}